{"id":6131,"date":"2020-08-24T13:03:58","date_gmt":"2020-08-24T10:03:58","guid":{"rendered":"https:\/\/www.sakalahambaravi.ee\/miks-hammas-valutab\/"},"modified":"2022-10-18T13:06:50","modified_gmt":"2022-10-18T10:06:50","slug":"why-a-tooth-hurts","status":"publish","type":"page","link":"https:\/\/www.sakalahambaravi.ee\/en\/faq\/why-a-tooth-hurts\/","title":{"rendered":"Why a tooth hurts"},"content":{"rendered":"<p><span style=\"font-weight: 400;\">Toothache is one of the most troublesome problems that can hit us unexpectedly and always at a very unsuitable time. Let&#8217;s take a closer look at what can cause a toothache.<\/span><\/p>\n<p><b>The main reasons why a tooth hurts<\/b><\/p>\n<p><b>Tooth cavity or dental caries<\/b><\/p>\n<p><span style=\"font-weight: 400;\">Dental caries is considered to be one of the most common infectious diseases in the world. It is a disease that damages the hard tissues of the tooth and causes them to decay. Bacteria that accumulate in the dental plaque convert food sugars (glucose, sucrose) into organic acids, which start breaking down the dental tissues. Once a defect has developed in the tooth as a result of the decay, it is irreversible. Dental tissue does not regenerate on its own and medical intervention is necessary. An extensive carious defect can be seen with the naked eye, but an incipient and superficial caries can only be identified by a dentist. Proper dental care, regular mealtimes and regular visits to the dentist for check-ups can help to reduce the occurrence of caries.<\/span><\/p>\n<p><b>Inflammation of the dental nerve or pulpitis<\/b><\/p>\n<p><span style=\"font-weight: 400;\">If left untreated, dental caries can lead to nerve inflammation. Inflammation of the dental nerve is caused by microbes that have penetrated the dental nerve because of caries. Such inflammation needs treatment and you should definitely see a doctor.<\/span><\/p>\n<p><b>Root apex inflammation or periapical periodontitis<\/b><\/p>\n<p><span style=\"font-weight: 400;\">If left untreated, inflammation of the dental nerve can cause the dental nerve to become necrotic, allowing microbes to enter the bone tissue surrounding the tooth through the apical opening of the root canal. As a result, inflammation of the tissues surrounding the root apex can occur, which can be either acute or chronic. Acute inflammation can cause pain when biting down or it can manifest itself as a throbbing pain also in adjacent teeth. Inflammation can also manifest as painful swelling. Acute inflammation can lead to a general feeling of discomfort and fever. With chronic periapical periodontitis, the patient may not feel direct pain and the progress of the disease may be more difficult to recognize; the dentist can diagnose this using an X-ray. One of the symptoms can be the discharge of pus from an abscess formed in the root apex area of the tooth and the increased mobility of the tooth. The absence of noticeable symptoms is the reason why it is necessary to visit the dentist regularly for a check-up, in order to catch untreated inflammation quickly.<br \/>\n<\/span><\/p>\n<p><img loading=\"lazy\" decoding=\"async\" class=\"alignnone wp-image-829 size-medium\" src=\"https:\/\/www.sakalahambaravi.ee\/wp-content\/uploads\/2020\/08\/little-patient-in-dental-clinic-CW9UNGK-300x200.jpg\" alt=\"Hambavalu\" width=\"300\" height=\"200\" srcset=\"https:\/\/www.sakalahambaravi.ee\/wp-content\/uploads\/2020\/08\/little-patient-in-dental-clinic-CW9UNGK-300x200.jpg 300w, https:\/\/www.sakalahambaravi.ee\/wp-content\/uploads\/2020\/08\/little-patient-in-dental-clinic-CW9UNGK-1024x683.jpg 1024w, https:\/\/www.sakalahambaravi.ee\/wp-content\/uploads\/2020\/08\/little-patient-in-dental-clinic-CW9UNGK-768x513.jpg 768w, https:\/\/www.sakalahambaravi.ee\/wp-content\/uploads\/2020\/08\/little-patient-in-dental-clinic-CW9UNGK.jpg 1440w\" sizes=\"auto, (max-width: 300px) 100vw, 300px\" \/><\/p>\n<p><span style=\"font-weight: 400;\">Read more about our services\u00a0<\/span><a href=\"https:\/\/www.sakalahambaravi.ee\/en\/services\/\"><span style=\"font-weight: 400;\">here<\/span><\/a><span style=\"font-weight: 400;\">.<br \/>\n<\/span><span>Find more information\u00a0<\/span><a href=\"http:\/\/www.hambaarst.ee\/\"><span>here<\/span><\/a><span>.<\/p>\n<p><\/span><\/p>\n","protected":false},"excerpt":{"rendered":"<p>Toothache is one of the most troublesome problems that can hit us unexpectedly and always at a very unsuitable time. Let&#8217;s take a closer look at what can cause a toothache. The main reasons why a tooth hurts Tooth cavity or dental caries Dental caries is considered to be one of the most common infectious [&hellip;]<\/p>\n","protected":false},"author":1,"featured_media":0,"parent":6135,"menu_order":0,"comment_status":"closed","ping_status":"closed","template":"simple-page.php","meta":{"_acf_changed":false,"footnotes":""},"class_list":["post-6131","page","type-page","status-publish","hentry"],"acf":[],"yoast_head":"<!-- This site is optimized with the Yoast SEO Premium plugin v27.4 (Yoast SEO v27.4) - https:\/\/yoast.com\/product\/yoast-seo-premium-wordpress\/ -->\n<title>Hambavalu levinumad p\u00f5hjused | Sakala Hambaravi<\/title>\n<meta name=\"description\" content=\"Hambavalu v\u00f5ivad p\u00f5hjustada v\u00e4ga mitmed tegurid. Peamiseks p\u00f5hjuseks hambaauk, aga ka hamban\u00e4rvip\u00f5letik v\u00f5i juurep\u00f5letik. Loe l\u00e4hemalt!\" \/>\n<meta name=\"robots\" content=\"index, follow, max-snippet:-1, max-image-preview:large, max-video-preview:-1\" \/>\n<link rel=\"canonical\" href=\"https:\/\/www.sakalahambaravi.ee\/en\/faq\/why-a-tooth-hurts\/\" \/>\n<meta property=\"og:locale\" content=\"en_US\" \/>\n<meta property=\"og:type\" content=\"article\" \/>\n<meta property=\"og:title\" content=\"Why a tooth hurts\" \/>\n<meta property=\"og:description\" content=\"Hambavalu v\u00f5ivad p\u00f5hjustada v\u00e4ga mitmed tegurid. Peamiseks p\u00f5hjuseks hambaauk, aga ka hamban\u00e4rvip\u00f5letik v\u00f5i juurep\u00f5letik. Loe l\u00e4hemalt!\" \/>\n<meta property=\"og:url\" content=\"https:\/\/www.sakalahambaravi.ee\/en\/faq\/why-a-tooth-hurts\/\" \/>\n<meta property=\"og:site_name\" content=\"Sakala Hambaravi\" \/>\n<meta property=\"article:publisher\" content=\"https:\/\/www.facebook.com\/sakalahambaravi\" \/>\n<meta property=\"article:modified_time\" content=\"2022-10-18T10:06:50+00:00\" \/>\n<meta property=\"og:image\" content=\"https:\/\/www.sakalahambaravi.ee\/wp-content\/uploads\/2020\/08\/little-patient-in-dental-clinic-CW9UNGK-300x200.jpg\" \/>\n<meta name=\"twitter:card\" content=\"summary_large_image\" \/>\n<meta name=\"twitter:label1\" content=\"Est. reading time\" \/>\n\t<meta name=\"twitter:data1\" content=\"2 minutes\" \/>\n<script type=\"application\/ld+json\" class=\"yoast-schema-graph\">{\"@context\":\"https:\\\/\\\/schema.org\",\"@graph\":[{\"@type\":[\"WebPage\",\"MedicalWebPage\"],\"@id\":\"https:\\\/\\\/www.sakalahambaravi.ee\\\/en\\\/faq\\\/why-a-tooth-hurts\\\/\",\"url\":\"https:\\\/\\\/www.sakalahambaravi.ee\\\/en\\\/faq\\\/why-a-tooth-hurts\\\/\",\"name\":\"Hambavalu levinumad p\u00f5hjused | Sakala Hambaravi\",\"isPartOf\":{\"@id\":\"https:\\\/\\\/www.sakalahambaravi.ee\\\/#website\"},\"primaryImageOfPage\":{\"@id\":\"https:\\\/\\\/www.sakalahambaravi.ee\\\/en\\\/faq\\\/why-a-tooth-hurts\\\/#primaryimage\"},\"image\":{\"@id\":\"https:\\\/\\\/www.sakalahambaravi.ee\\\/en\\\/faq\\\/why-a-tooth-hurts\\\/#primaryimage\"},\"thumbnailUrl\":\"https:\\\/\\\/www.sakalahambaravi.ee\\\/wp-content\\\/uploads\\\/2020\\\/08\\\/little-patient-in-dental-clinic-CW9UNGK-300x200.jpg\",\"datePublished\":\"2020-08-24T10:03:58+00:00\",\"dateModified\":\"2022-10-18T10:06:50+00:00\",\"description\":\"Hambavalu v\u00f5ivad p\u00f5hjustada v\u00e4ga mitmed tegurid. Peamiseks p\u00f5hjuseks hambaauk, aga ka hamban\u00e4rvip\u00f5letik v\u00f5i juurep\u00f5letik. Loe l\u00e4hemalt!\",\"breadcrumb\":{\"@id\":\"https:\\\/\\\/www.sakalahambaravi.ee\\\/en\\\/faq\\\/why-a-tooth-hurts\\\/#breadcrumb\"},\"inLanguage\":\"en-US\",\"potentialAction\":[{\"@type\":\"ReadAction\",\"target\":[\"https:\\\/\\\/www.sakalahambaravi.ee\\\/en\\\/faq\\\/why-a-tooth-hurts\\\/\"]}]},{\"@type\":\"ImageObject\",\"inLanguage\":\"en-US\",\"@id\":\"https:\\\/\\\/www.sakalahambaravi.ee\\\/en\\\/faq\\\/why-a-tooth-hurts\\\/#primaryimage\",\"url\":\"https:\\\/\\\/www.sakalahambaravi.ee\\\/wp-content\\\/uploads\\\/2020\\\/08\\\/little-patient-in-dental-clinic-CW9UNGK-300x200.jpg\",\"contentUrl\":\"https:\\\/\\\/www.sakalahambaravi.ee\\\/wp-content\\\/uploads\\\/2020\\\/08\\\/little-patient-in-dental-clinic-CW9UNGK-300x200.jpg\"},{\"@type\":\"BreadcrumbList\",\"@id\":\"https:\\\/\\\/www.sakalahambaravi.ee\\\/en\\\/faq\\\/why-a-tooth-hurts\\\/#breadcrumb\",\"itemListElement\":[{\"@type\":\"ListItem\",\"position\":1,\"name\":\"Home\",\"item\":\"https:\\\/\\\/www.sakalahambaravi.ee\\\/en\\\/\"},{\"@type\":\"ListItem\",\"position\":2,\"name\":\"FAQ\",\"item\":\"https:\\\/\\\/www.sakalahambaravi.ee\\\/en\\\/faq\\\/\"},{\"@type\":\"ListItem\",\"position\":3,\"name\":\"Why a tooth hurts\"}]},{\"@type\":\"WebSite\",\"@id\":\"https:\\\/\\\/www.sakalahambaravi.ee\\\/#website\",\"url\":\"https:\\\/\\\/www.sakalahambaravi.ee\\\/\",\"name\":\"Sakala Hambaravi\",\"description\":\"Hambaravikabinetid\",\"publisher\":{\"@id\":\"https:\\\/\\\/www.sakalahambaravi.ee\\\/#organization\"},\"potentialAction\":[{\"@type\":\"SearchAction\",\"target\":{\"@type\":\"EntryPoint\",\"urlTemplate\":\"https:\\\/\\\/www.sakalahambaravi.ee\\\/?s={search_term_string}\"},\"query-input\":{\"@type\":\"PropertyValueSpecification\",\"valueRequired\":true,\"valueName\":\"search_term_string\"}}],\"inLanguage\":\"en-US\"},{\"@type\":\"Organization\",\"@id\":\"https:\\\/\\\/www.sakalahambaravi.ee\\\/#organization\",\"name\":\"Bluegate O\u00dc\",\"url\":\"https:\\\/\\\/www.sakalahambaravi.ee\\\/\",\"logo\":{\"@type\":\"ImageObject\",\"inLanguage\":\"en-US\",\"@id\":\"https:\\\/\\\/www.sakalahambaravi.ee\\\/#\\\/schema\\\/logo\\\/image\\\/\",\"url\":\"https:\\\/\\\/www.sakalahambaravi.ee\\\/wp-content\\\/uploads\\\/2020\\\/12\\\/sakala-hambaravi-logo600x300.jpeg\",\"contentUrl\":\"https:\\\/\\\/www.sakalahambaravi.ee\\\/wp-content\\\/uploads\\\/2020\\\/12\\\/sakala-hambaravi-logo600x300.jpeg\",\"width\":600,\"height\":301,\"caption\":\"Bluegate O\u00dc\"},\"image\":{\"@id\":\"https:\\\/\\\/www.sakalahambaravi.ee\\\/#\\\/schema\\\/logo\\\/image\\\/\"},\"sameAs\":[\"https:\\\/\\\/www.facebook.com\\\/sakalahambaravi\"]}]}<\/script>\n<!-- \/ Yoast SEO Premium plugin. -->","yoast_head_json":{"title":"Hambavalu levinumad p\u00f5hjused | Sakala Hambaravi","description":"Hambavalu v\u00f5ivad p\u00f5hjustada v\u00e4ga mitmed tegurid. Peamiseks p\u00f5hjuseks hambaauk, aga ka hamban\u00e4rvip\u00f5letik v\u00f5i juurep\u00f5letik. Loe l\u00e4hemalt!","robots":{"index":"index","follow":"follow","max-snippet":"max-snippet:-1","max-image-preview":"max-image-preview:large","max-video-preview":"max-video-preview:-1"},"canonical":"https:\/\/www.sakalahambaravi.ee\/en\/faq\/why-a-tooth-hurts\/","og_locale":"en_US","og_type":"article","og_title":"Why a tooth hurts","og_description":"Hambavalu v\u00f5ivad p\u00f5hjustada v\u00e4ga mitmed tegurid. Peamiseks p\u00f5hjuseks hambaauk, aga ka hamban\u00e4rvip\u00f5letik v\u00f5i juurep\u00f5letik. Loe l\u00e4hemalt!","og_url":"https:\/\/www.sakalahambaravi.ee\/en\/faq\/why-a-tooth-hurts\/","og_site_name":"Sakala Hambaravi","article_publisher":"https:\/\/www.facebook.com\/sakalahambaravi","article_modified_time":"2022-10-18T10:06:50+00:00","og_image":[{"url":"https:\/\/www.sakalahambaravi.ee\/wp-content\/uploads\/2020\/08\/little-patient-in-dental-clinic-CW9UNGK-300x200.jpg","type":"","width":"","height":""}],"twitter_card":"summary_large_image","twitter_misc":{"Est. reading time":"2 minutes"},"schema":{"@context":"https:\/\/schema.org","@graph":[{"@type":["WebPage","MedicalWebPage"],"@id":"https:\/\/www.sakalahambaravi.ee\/en\/faq\/why-a-tooth-hurts\/","url":"https:\/\/www.sakalahambaravi.ee\/en\/faq\/why-a-tooth-hurts\/","name":"Hambavalu levinumad p\u00f5hjused | Sakala Hambaravi","isPartOf":{"@id":"https:\/\/www.sakalahambaravi.ee\/#website"},"primaryImageOfPage":{"@id":"https:\/\/www.sakalahambaravi.ee\/en\/faq\/why-a-tooth-hurts\/#primaryimage"},"image":{"@id":"https:\/\/www.sakalahambaravi.ee\/en\/faq\/why-a-tooth-hurts\/#primaryimage"},"thumbnailUrl":"https:\/\/www.sakalahambaravi.ee\/wp-content\/uploads\/2020\/08\/little-patient-in-dental-clinic-CW9UNGK-300x200.jpg","datePublished":"2020-08-24T10:03:58+00:00","dateModified":"2022-10-18T10:06:50+00:00","description":"Hambavalu v\u00f5ivad p\u00f5hjustada v\u00e4ga mitmed tegurid. Peamiseks p\u00f5hjuseks hambaauk, aga ka hamban\u00e4rvip\u00f5letik v\u00f5i juurep\u00f5letik. Loe l\u00e4hemalt!","breadcrumb":{"@id":"https:\/\/www.sakalahambaravi.ee\/en\/faq\/why-a-tooth-hurts\/#breadcrumb"},"inLanguage":"en-US","potentialAction":[{"@type":"ReadAction","target":["https:\/\/www.sakalahambaravi.ee\/en\/faq\/why-a-tooth-hurts\/"]}]},{"@type":"ImageObject","inLanguage":"en-US","@id":"https:\/\/www.sakalahambaravi.ee\/en\/faq\/why-a-tooth-hurts\/#primaryimage","url":"https:\/\/www.sakalahambaravi.ee\/wp-content\/uploads\/2020\/08\/little-patient-in-dental-clinic-CW9UNGK-300x200.jpg","contentUrl":"https:\/\/www.sakalahambaravi.ee\/wp-content\/uploads\/2020\/08\/little-patient-in-dental-clinic-CW9UNGK-300x200.jpg"},{"@type":"BreadcrumbList","@id":"https:\/\/www.sakalahambaravi.ee\/en\/faq\/why-a-tooth-hurts\/#breadcrumb","itemListElement":[{"@type":"ListItem","position":1,"name":"Home","item":"https:\/\/www.sakalahambaravi.ee\/en\/"},{"@type":"ListItem","position":2,"name":"FAQ","item":"https:\/\/www.sakalahambaravi.ee\/en\/faq\/"},{"@type":"ListItem","position":3,"name":"Why a tooth hurts"}]},{"@type":"WebSite","@id":"https:\/\/www.sakalahambaravi.ee\/#website","url":"https:\/\/www.sakalahambaravi.ee\/","name":"Sakala Hambaravi","description":"Hambaravikabinetid","publisher":{"@id":"https:\/\/www.sakalahambaravi.ee\/#organization"},"potentialAction":[{"@type":"SearchAction","target":{"@type":"EntryPoint","urlTemplate":"https:\/\/www.sakalahambaravi.ee\/?s={search_term_string}"},"query-input":{"@type":"PropertyValueSpecification","valueRequired":true,"valueName":"search_term_string"}}],"inLanguage":"en-US"},{"@type":"Organization","@id":"https:\/\/www.sakalahambaravi.ee\/#organization","name":"Bluegate O\u00dc","url":"https:\/\/www.sakalahambaravi.ee\/","logo":{"@type":"ImageObject","inLanguage":"en-US","@id":"https:\/\/www.sakalahambaravi.ee\/#\/schema\/logo\/image\/","url":"https:\/\/www.sakalahambaravi.ee\/wp-content\/uploads\/2020\/12\/sakala-hambaravi-logo600x300.jpeg","contentUrl":"https:\/\/www.sakalahambaravi.ee\/wp-content\/uploads\/2020\/12\/sakala-hambaravi-logo600x300.jpeg","width":600,"height":301,"caption":"Bluegate O\u00dc"},"image":{"@id":"https:\/\/www.sakalahambaravi.ee\/#\/schema\/logo\/image\/"},"sameAs":["https:\/\/www.facebook.com\/sakalahambaravi"]}]}},"_links":{"self":[{"href":"https:\/\/www.sakalahambaravi.ee\/en\/wp-json\/wp\/v2\/pages\/6131","targetHints":{"allow":["GET"]}}],"collection":[{"href":"https:\/\/www.sakalahambaravi.ee\/en\/wp-json\/wp\/v2\/pages"}],"about":[{"href":"https:\/\/www.sakalahambaravi.ee\/en\/wp-json\/wp\/v2\/types\/page"}],"author":[{"embeddable":true,"href":"https:\/\/www.sakalahambaravi.ee\/en\/wp-json\/wp\/v2\/users\/1"}],"replies":[{"embeddable":true,"href":"https:\/\/www.sakalahambaravi.ee\/en\/wp-json\/wp\/v2\/comments?post=6131"}],"version-history":[{"count":6,"href":"https:\/\/www.sakalahambaravi.ee\/en\/wp-json\/wp\/v2\/pages\/6131\/revisions"}],"predecessor-version":[{"id":10537,"href":"https:\/\/www.sakalahambaravi.ee\/en\/wp-json\/wp\/v2\/pages\/6131\/revisions\/10537"}],"up":[{"embeddable":true,"href":"https:\/\/www.sakalahambaravi.ee\/en\/wp-json\/wp\/v2\/pages\/6135"}],"wp:attachment":[{"href":"https:\/\/www.sakalahambaravi.ee\/en\/wp-json\/wp\/v2\/media?parent=6131"}],"curies":[{"name":"wp","href":"https:\/\/api.w.org\/{rel}","templated":true}]}}